{"id":6,"date":"2020-02-20T13:25:52","date_gmt":"2020-02-20T12:25:52","guid":{"rendered":"https:\/\/alohacoiffure.fr\/?page_id=6"},"modified":"2026-04-13T12:16:33","modified_gmt":"2026-04-13T10:16:33","slug":"the-new-umoma-opens-its-doors-2","status":"publish","type":"page","link":"https:\/\/alohacoiffure.fr\/","title":{"rendered":"Aloha Coiffure Biarritz"},"content":{"rendered":"\n<div class=\"wp-block-group alignwide\"><div class=\"wp-block-group__inner-container is-layout-flow wp-block-group-is-layout-flow\">\n<blockquote class=\"wp-block-quote is-layout-flow wp-block-quote-is-layout-flow\">\n<h2 class=\"wp-block-heading has-text-align-center\"><strong><mark style=\"background-color:rgba(0, 0, 0, 0)\" class=\"has-inline-color has-accent-color\">Le salon est ferm\u00e9 pour une dur\u00e9e ind\u00e9termin\u00e9e. Tous les rendez-vous sont annul\u00e9s.<\/mark><\/strong><\/h2>\n\n\n\n<h2 class=\"wp-block-heading has-text-align-center\"><strong><mark style=\"background-color:rgba(0, 0, 0, 0)\" class=\"has-inline-color has-accent-color\">Veuillez nous excuser. Aloha<\/mark><\/strong><\/h2>\n<\/blockquote>\n\n\n\n<h2 class=\"wp-block-heading\">Ciseaux et Rasoirs<\/h2>\n\n\n\n<p>Un shampoing qui sent bon, une coupe simple et classe, un s\u00e8che cheveux qui souffle un air des tropiques. En gros, de l\u2019Aloha au c\u0153ur de Biarritz, le brushing intact et le jet-lag en moins.<\/p>\n\n\n\n<p>Alors que tu sois une femme, un homme ou un peu les deux, mets ton par\u00e9o &nbsp;(et un tee-shirt quand m\u00eame) et viens prendre soin de tes cheveux.<\/p>\n\n\n\n<p><\/p>\n<\/div><\/div>\n\n\n\n<figure class=\"wp-block-image alignwide\"><img loading=\"lazy\" decoding=\"async\" width=\"1024\" height=\"768\" src=\"https:\/\/alohacoiffure.fr\/wp-content\/uploads\/2020\/02\/31229318_10211438525058397_8246248225187561472_n-1024x768.jpg\" alt=\"\" class=\"wp-image-32\" srcset=\"https:\/\/alohacoiffure.fr\/wp-content\/uploads\/2020\/02\/31229318_10211438525058397_8246248225187561472_n-1024x768.jpg 1024w, https:\/\/alohacoiffure.fr\/wp-content\/uploads\/2020\/02\/31229318_10211438525058397_8246248225187561472_n-300x225.jpg 300w, https:\/\/alohacoiffure.fr\/wp-content\/uploads\/2020\/02\/31229318_10211438525058397_8246248225187561472_n-768x576.jpg 768w, https:\/\/alohacoiffure.fr\/wp-content\/uploads\/2020\/02\/31229318_10211438525058397_8246248225187561472_n-1536x1152.jpg 1536w, https:\/\/alohacoiffure.fr\/wp-content\/uploads\/2020\/02\/31229318_10211438525058397_8246248225187561472_n-2048x1536.jpg 2048w, https:\/\/alohacoiffure.fr\/wp-content\/uploads\/2020\/02\/31229318_10211438525058397_8246248225187561472_n-1200x900.jpg 1200w, https:\/\/alohacoiffure.fr\/wp-content\/uploads\/2020\/02\/31229318_10211438525058397_8246248225187561472_n-1980x1485.jpg 1980w\" sizes=\"(max-width: 1024px) 100vw, 1024px\" \/><\/figure>\n\n\n\n<p><\/p>\n","protected":false},"excerpt":{"rendered":"<p>Le salon est ferm\u00e9 pour une dur\u00e9e ind\u00e9termin\u00e9e. Tous les rendez-vous sont annul\u00e9s. Veuillez nous excuser. Aloha Ciseaux et Rasoirs Un shampoing qui sent bon, une coupe simple et classe, un s\u00e8che cheveux qui souffle un air des tropiques. En gros, de l\u2019Aloha au c\u0153ur de Biarritz, le brushing intact et le jet-lag en moins. [&hellip;]<\/p>\n","protected":false},"author":1,"featured_media":0,"parent":0,"menu_order":0,"comment_status":"closed","ping_status":"closed","template":"","meta":{"footnotes":""},"jetpack_sharing_enabled":true,"_links":{"self":[{"href":"https:\/\/alohacoiffure.fr\/index.php?rest_route=\/wp\/v2\/pages\/6"}],"collection":[{"href":"https:\/\/alohacoiffure.fr\/index.php?rest_route=\/wp\/v2\/pages"}],"about":[{"href":"https:\/\/alohacoiffure.fr\/index.php?rest_route=\/wp\/v2\/types\/page"}],"author":[{"embeddable":true,"href":"https:\/\/alohacoiffure.fr\/index.php?rest_route=\/wp\/v2\/users\/1"}],"replies":[{"embeddable":true,"href":"https:\/\/alohacoiffure.fr\/index.php?rest_route=%2Fwp%2Fv2%2Fcomments&post=6"}],"version-history":[{"count":8,"href":"https:\/\/alohacoiffure.fr\/index.php?rest_route=\/wp\/v2\/pages\/6\/revisions"}],"predecessor-version":[{"id":66,"href":"https:\/\/alohacoiffure.fr\/index.php?rest_route=\/wp\/v2\/pages\/6\/revisions\/66"}],"wp:attachment":[{"href":"https:\/\/alohacoiffure.fr\/index.php?rest_route=%2Fwp%2Fv2%2Fmedia&parent=6"}],"curies":[{"name":"wp","href":"https:\/\/api.w.org\/{rel}","templated":true}]}}