{"id":8,"date":"2020-02-20T13:25:52","date_gmt":"2020-02-20T12:25:52","guid":{"rendered":"https:\/\/alohacoiffure.fr\/?page_id=8"},"modified":"2024-04-15T15:55:02","modified_gmt":"2024-04-15T13:55:02","slug":"contact","status":"publish","type":"page","link":"https:\/\/alohacoiffure.fr\/?page_id=8","title":{"rendered":"Contact"},"content":{"rendered":"\n<p>Pour venir tu as l\u2019adresses \u00e0 droite (et m\u00eame en-dessous). Et si tu as du mal avec les \u00e9toiles, il y a un plan <a href=\"https:\/\/www.google.com\/maps\/place\/ALOHA+COIFFURE\/@43.4817074,-1.564867,17z\/data=!3m1!4b1!4m5!3m4!1s0xd516b289359b15d:0xc82d51f0a301b862!8m2!3d43.4817074!4d-1.5626783?shorturl=1\">ici<\/a>.<\/p>\n\n\n\n<p>Tu peux passer au gr\u00e8 du vent et des mar\u00e9es mais c\u2019est plus simple si tu prends rendez-vous. Pour \u00e7a pas besoin de conque, passe juste un coup de fil :\u00a00033 (0) 5 59 24 06 38 ou 0033 (0) 6 95 49 59 39<\/p>\n\n\n\n<figure class=\"wp-block-image size-large\"><img loading=\"lazy\" decoding=\"async\" width=\"728\" height=\"316\" src=\"https:\/\/alohacoiffure.fr\/wp-content\/uploads\/2020\/02\/28575876_10211075234376357_1696846313720220239_n.jpg\" alt=\"\" class=\"wp-image-34\" srcset=\"https:\/\/alohacoiffure.fr\/wp-content\/uploads\/2020\/02\/28575876_10211075234376357_1696846313720220239_n.jpg 728w, https:\/\/alohacoiffure.fr\/wp-content\/uploads\/2020\/02\/28575876_10211075234376357_1696846313720220239_n-300x130.jpg 300w\" sizes=\"(max-width: 728px) 100vw, 728px\" \/><\/figure>\n\n\n\n<p><\/p>\n","protected":false},"excerpt":{"rendered":"<p>Pour venir tu as l\u2019adresses \u00e0 droite (et m\u00eame en-dessous). Et si tu as du mal avec les \u00e9toiles, il y a un plan ici. Tu peux passer au gr\u00e8 du vent et des mar\u00e9es mais c\u2019est plus simple si tu prends rendez-vous. Pour \u00e7a pas besoin de conque, passe juste un coup de fil [&hellip;]<\/p>\n","protected":false},"author":1,"featured_media":0,"parent":0,"menu_order":0,"comment_status":"closed","ping_status":"closed","template":"","meta":{"footnotes":""},"jetpack_sharing_enabled":true,"_links":{"self":[{"href":"https:\/\/alohacoiffure.fr\/index.php?rest_route=\/wp\/v2\/pages\/8"}],"collection":[{"href":"https:\/\/alohacoiffure.fr\/index.php?rest_route=\/wp\/v2\/pages"}],"about":[{"href":"https:\/\/alohacoiffure.fr\/index.php?rest_route=\/wp\/v2\/types\/page"}],"author":[{"embeddable":true,"href":"https:\/\/alohacoiffure.fr\/index.php?rest_route=\/wp\/v2\/users\/1"}],"replies":[{"embeddable":true,"href":"https:\/\/alohacoiffure.fr\/index.php?rest_route=%2Fwp%2Fv2%2Fcomments&post=8"}],"version-history":[{"count":4,"href":"https:\/\/alohacoiffure.fr\/index.php?rest_route=\/wp\/v2\/pages\/8\/revisions"}],"predecessor-version":[{"id":62,"href":"https:\/\/alohacoiffure.fr\/index.php?rest_route=\/wp\/v2\/pages\/8\/revisions\/62"}],"wp:attachment":[{"href":"https:\/\/alohacoiffure.fr\/index.php?rest_route=%2Fwp%2Fv2%2Fmedia&parent=8"}],"curies":[{"name":"wp","href":"https:\/\/api.w.org\/{rel}","templated":true}]}}